{"id":8,"date":"2024-01-30T11:41:29","date_gmt":"2024-01-30T08:41:29","guid":{"rendered":"https:\/\/ersebant.com\/?page_id=8"},"modified":"2024-03-26T17:38:37","modified_gmt":"2024-03-26T14:38:37","slug":"hakkimizda","status":"publish","type":"page","link":"https:\/\/ersebant.com\/?page_id=8","title":{"rendered":"Hakk\u0131m\u0131zda"},"content":{"rendered":"<p><strong>Biz Kimiz ?<\/strong><\/p>\n<p class=\"228bf8a64b8551e1MsoNormal\">Erse bant olarak 2019 y\u0131l\u0131nda\u00a0%100 yerli sermaye ile temeli at\u0131lan firmam\u0131z\u0131 g\u00fcn\u00fcm\u00fcze kadar ta\u015f\u0131man\u0131n hakl\u0131 gururu i\u00e7erisindeyiz. Firma olarak d\u00fcnyadaki kay\u0131\u015f ve konvey\u00f6r bant sekt\u00f6rlerinde yap\u0131lan yenilik ve de\u011fi\u015fiklikleri m\u00fc\u015fterilerimize aktarmay\u0131, geli\u015fime devam etmeyi, misyonumuzun en \u00f6nemli fakt\u00f6r\u00fc olarak benimsedik.<\/p>\n<p class=\"228bf8a64b8551e1MsoNormal\">Sat\u0131\u015f \u00f6ncesi ve sat\u0131\u015f sonras\u0131 m\u00fc\u015fteri memnuniyeti standartlar\u0131m\u0131z\u0131 hep y\u00fckselttik. Siz de\u011ferli m\u00fc\u015fterilerimizin \u00f6neri ve beklentilerini kar\u015f\u0131lamak ad\u0131na profesyonel ekibimizle gece g\u00fcnd\u00fcz \u00e7al\u0131\u015fmay\u0131 kendimize prensip edindik.<\/p>\n<p>&nbsp;<\/p>\n<p><strong>Misyonumuz<\/strong><\/p>\n<ul type=\"disc\">\n<li class=\"228bf8a64b8551e1MsoNormal\">\u00dcr\u00fcn kalitesi ve yerel hizmet m\u00fckemmelli\u011finde d\u00fcnya lideri olmak.<\/li>\n<li class=\"228bf8a64b8551e1MsoNormal\">Sekt\u00f6rdeki en \u00f6zverili, bilgili ve yarat\u0131c\u0131 ekip ile yenilik ve hizmetler yoluyla farkl\u0131la\u015fmaya devam etmek<\/li>\n<li class=\"228bf8a64b8551e1MsoNormal\">T\u00fcm payda\u015flar\u0131m\u0131za s\u00fcrd\u00fcr\u00fclebilir de\u011fer sunmak i\u00e7in y\u00f6netim performans\u0131 ve operasyonel verimlilikte m\u00fckemmel olmak<\/li>\n<li class=\"228bf8a64b8551e1MsoNormal\">Bir i\u015f yarat\u0131c\u0131s\u0131 olarak dijital y\u00f6netimi benimsemek<\/li>\n<\/ul>\n<p>&nbsp;<\/p>\n<p><strong>Vizyonumuz<\/strong><\/p>\n<p class=\"228bf8a64b8551e1MsoNormal\">T\u00fcm kay\u0131\u015f ve konvey\u00f6r bant ihtiya\u00e7lar\u0131n\u0131z i\u00e7in d\u00fcnya \u00e7ap\u0131nda tercih edilen yerel i\u015f orta\u011f\u0131n\u0131z olmak.<\/p>\n","protected":false},"excerpt":{"rendered":"<p>Biz Kimiz ? Erse bant olarak 2019 y\u0131l\u0131nda\u00a0%100 yerli sermaye ile temeli at\u0131lan firmam\u0131z\u0131 g\u00fcn\u00fcm\u00fcze kadar ta\u015f\u0131man\u0131n hakl\u0131 gururu i\u00e7erisindeyiz&#8230;.<\/p>\n","protected":false},"author":1,"featured_media":0,"parent":0,"menu_order":0,"comment_status":"closed","ping_status":"closed","template":"","meta":{"footnotes":""},"_links":{"self":[{"href":"https:\/\/ersebant.com\/index.php?rest_route=\/wp\/v2\/pages\/8"}],"collection":[{"href":"https:\/\/ersebant.com\/index.php?rest_route=\/wp\/v2\/pages"}],"about":[{"href":"https:\/\/ersebant.com\/index.php?rest_route=\/wp\/v2\/types\/page"}],"author":[{"embeddable":true,"href":"https:\/\/ersebant.com\/index.php?rest_route=\/wp\/v2\/users\/1"}],"replies":[{"embeddable":true,"href":"https:\/\/ersebant.com\/index.php?rest_route=%2Fwp%2Fv2%2Fcomments&post=8"}],"version-history":[{"count":3,"href":"https:\/\/ersebant.com\/index.php?rest_route=\/wp\/v2\/pages\/8\/revisions"}],"predecessor-version":[{"id":107,"href":"https:\/\/ersebant.com\/index.php?rest_route=\/wp\/v2\/pages\/8\/revisions\/107"}],"wp:attachment":[{"href":"https:\/\/ersebant.com\/index.php?rest_route=%2Fwp%2Fv2%2Fmedia&parent=8"}],"curies":[{"name":"wp","href":"https:\/\/api.w.org\/{rel}","templated":true}]}}